{"id":159,"date":"2024-07-02T11:24:36","date_gmt":"2024-07-02T09:24:36","guid":{"rendered":"http:\/\/ecofolr.cluster030.hosting.ovh.net\/?page_id=159"},"modified":"2024-09-23T15:03:00","modified_gmt":"2024-09-23T13:03:00","slug":"maraichage-bio","status":"publish","type":"page","link":"https:\/\/www.ecofolies.fr\/index.php\/maraichage-bio\/","title":{"rendered":"Mara\u00eechage bio"},"content":{"rendered":"\t\t<div data-elementor-type=\"wp-page\" data-elementor-id=\"159\" class=\"elementor elementor-159\" data-elementor-post-type=\"page\">\n\t\t\t\t<div class=\"elementor-element elementor-element-96f3a70 e-flex e-con-boxed e-con e-parent\" data-id=\"96f3a70\" data-element_type=\"container\" data-e-type=\"container\">\n\t\t\t\t\t<div class=\"e-con-inner\">\n\t\t\t\t<div class=\"elementor-element elementor-element-9d99293 elementor-widget elementor-widget-heading\" data-id=\"9d99293\" data-element_type=\"widget\" data-e-type=\"widget\" data-widget_type=\"heading.default\">\n\t\t\t\t<div class=\"elementor-widget-container\">\n\t\t\t\t\t<h2 class=\"elementor-heading-title elementor-size-default\">TERRE FERME <\/h2>\t\t\t\t<\/div>\n\t\t\t\t<\/div>\n\t\t\t\t<div class=\"elementor-element elementor-element-f6c978d elementor-widget elementor-widget-text-editor\" data-id=\"f6c978d\" data-element_type=\"widget\" data-e-type=\"widget\" data-widget_type=\"text-editor.default\">\n\t\t\t\t<div class=\"elementor-widget-container\">\n\t\t\t\t\t\t\t\t\t<p>Une exploitation agricole mara\u00eech\u00e8re bio<\/p>\t\t\t\t\t\t\t\t<\/div>\n\t\t\t\t<\/div>\n\t\t\t\t\t<\/div>\n\t\t\t\t<\/div>\n\t\t<div class=\"elementor-element elementor-element-b6589d1 e-flex e-con-boxed e-con e-parent\" data-id=\"b6589d1\" data-element_type=\"container\" data-e-type=\"container\">\n\t\t\t\t\t<div class=\"e-con-inner\">\n\t\t\t\t<div class=\"elementor-element elementor-element-623f438 elementor-widget elementor-widget-text-editor\" data-id=\"623f438\" data-element_type=\"widget\" data-e-type=\"widget\" data-widget_type=\"text-editor.default\">\n\t\t\t\t<div class=\"elementor-widget-container\">\n\t\t\t\t\t\t\t\t\t<p>Situ\u00e9e en lis\u00e8re du bourg de Sainte-Pazanne , l\u2019exploitation mara\u00eech\u00e8re de 9 hectares est en bio depuis 1986. Une cinquantaine de vari\u00e9t\u00e9s de l\u00e9gumes y sont cultiv\u00e9es tout au long de l\u2019ann\u00e9e. Quelques cultures de fruits (fraises et rhubarbe) compl\u00e8tent les r\u00e9coltes.<\/p><p>L\u2019installation de serres dont la nouvelle de 1000m2 permet de produire et de r\u00e9colter sur une p\u00e9riode plus longue et de proposer des primeurs. Ces \u00e9quipements facilitent le travail des \u00e9quipes. Ces \u00e9volutions permettent de mieux prendre soin des sols et de mieux r\u00e9pondre aux attentes des clients de la ferme.<\/p><p>En raison de l&rsquo;affluence touristique propre \u00e0 nos march\u00e9s de l&rsquo;\u00cele de Noirmoutier, la production en \u00e9t\u00e9 est beaucoup plus importante et permet l&#8217;embauche d&rsquo;une \u00e9quipe de saisonnier. C&rsquo;est l&rsquo;opportunit\u00e9 pour les jeunes d&rsquo;avoir une premi\u00e8re exp\u00e9rience professionnelle pr\u00e8s de chez eux.<\/p>\t\t\t\t\t\t\t\t<\/div>\n\t\t\t\t<\/div>\n\t\t\t\t<div class=\"elementor-element elementor-element-f39f76c elementor-widget elementor-widget-image\" data-id=\"f39f76c\" data-element_type=\"widget\" data-e-type=\"widget\" data-widget_type=\"image.default\">\n\t\t\t\t<div class=\"elementor-widget-container\">\n\t\t\t\t\t\t\t\t\t\t\t\t\t\t\t<img fetchpriority=\"high\" decoding=\"async\" width=\"2560\" height=\"1024\" src=\"https:\/\/www.ecofolies.fr\/wp-content\/uploads\/2024\/07\/D2X_0280-1-scaled-e1720618261244.jpg\" class=\"attachment-full size-full wp-image-607\" alt=\"\" srcset=\"https:\/\/www.ecofolies.fr\/wp-content\/uploads\/2024\/07\/D2X_0280-1-scaled-e1720618261244.jpg 2560w, https:\/\/www.ecofolies.fr\/wp-content\/uploads\/2024\/07\/D2X_0280-1-scaled-e1720618261244-300x120.jpg 300w, https:\/\/www.ecofolies.fr\/wp-content\/uploads\/2024\/07\/D2X_0280-1-scaled-e1720618261244-1024x410.jpg 1024w, https:\/\/www.ecofolies.fr\/wp-content\/uploads\/2024\/07\/D2X_0280-1-scaled-e1720618261244-768x307.jpg 768w, https:\/\/www.ecofolies.fr\/wp-content\/uploads\/2024\/07\/D2X_0280-1-scaled-e1720618261244-1536x614.jpg 1536w, https:\/\/www.ecofolies.fr\/wp-content\/uploads\/2024\/07\/D2X_0280-1-scaled-e1720618261244-2048x819.jpg 2048w\" sizes=\"(max-width: 2560px) 100vw, 2560px\" \/>\t\t\t\t\t\t\t\t\t\t\t\t\t\t\t<\/div>\n\t\t\t\t<\/div>\n\t\t\t\t\t<\/div>\n\t\t\t\t<\/div>\n\t\t<div class=\"elementor-element elementor-element-43a9b9e e-flex e-con-boxed e-con e-parent\" data-id=\"43a9b9e\" data-element_type=\"container\" data-e-type=\"container\">\n\t\t\t\t\t<div class=\"e-con-inner\">\n\t\t\t\t<div class=\"elementor-element elementor-element-03a917c elementor-blockquote--skin-quotation elementor-blockquote--align-left elementor-blockquote--button-color-official elementor-widget elementor-widget-blockquote\" data-id=\"03a917c\" data-element_type=\"widget\" data-e-type=\"widget\" data-widget_type=\"blockquote.default\">\n\t\t\t\t<div class=\"elementor-widget-container\">\n\t\t\t\t\t\t\t<blockquote class=\"elementor-blockquote\">\n\t\t\t<p class=\"elementor-blockquote__content\">\n\t\t\t\tLes haricots verts sont une des sp\u00e9cialit\u00e9s de la ferme tr\u00e8s appr\u00e9ci\u00e9s des clients. La r\u00e9colte \u00e0 la main permet de s\u00e9lectionner les haricots \u00e0 leur juste maturit\u00e9 sans les ab\u00eemer. Ce savoir-faire permet une qualit\u00e9 gustative maximale. \t\t\t<\/p>\n\t\t\t\t\t\t\t<div class=\"e-q-footer\">\n\t\t\t\t\t\t\t\t\t\t\t<cite class=\"elementor-blockquote__author\">Micka\u00ebl FRANCHETEAU \u2022 Chef de culture Terre Ferme<\/cite>\n\t\t\t\t\t\t\t\t\t\t\t\t\t\t<\/div>\n\t\t\t\t\t<\/blockquote>\n\t\t\t\t\t\t<\/div>\n\t\t\t\t<\/div>\n\t\t\t\t\t<\/div>\n\t\t\t\t<\/div>\n\t\t<div class=\"elementor-element elementor-element-73fc4a0 e-flex e-con-boxed e-con e-parent\" data-id=\"73fc4a0\" data-element_type=\"container\" data-e-type=\"container\">\n\t\t\t\t\t<div class=\"e-con-inner\">\n\t\t\t\t<div class=\"elementor-element elementor-element-1df182c elementor-widget elementor-widget-spacer\" data-id=\"1df182c\" data-element_type=\"widget\" data-e-type=\"widget\" data-widget_type=\"spacer.default\">\n\t\t\t\t<div class=\"elementor-widget-container\">\n\t\t\t\t\t\t\t<div class=\"elementor-spacer\">\n\t\t\t<div class=\"elementor-spacer-inner\"><\/div>\n\t\t<\/div>\n\t\t\t\t\t\t<\/div>\n\t\t\t\t<\/div>\n\t\t\t\t\t<\/div>\n\t\t\t\t<\/div>\n\t\t\t\t<\/div>\n\t\t","protected":false},"excerpt":{"rendered":"<p>TERRE FERME Une exploitation agricole mara\u00eech\u00e8re bio Situ\u00e9e en lis\u00e8re du bourg de Sainte-Pazanne , l\u2019exploitation mara\u00eech\u00e8re de 9 hectares est en bio depuis 1986. Une cinquantaine de vari\u00e9t\u00e9s de [&hellip;]<\/p>\n","protected":false},"author":1,"featured_media":0,"parent":0,"menu_order":0,"comment_status":"closed","ping_status":"closed","template":"","meta":{"footnotes":""},"class_list":["post-159","page","type-page","status-publish","hentry"],"_links":{"self":[{"href":"https:\/\/www.ecofolies.fr\/index.php\/wp-json\/wp\/v2\/pages\/159","targetHints":{"allow":["GET"]}}],"collection":[{"href":"https:\/\/www.ecofolies.fr\/index.php\/wp-json\/wp\/v2\/pages"}],"about":[{"href":"https:\/\/www.ecofolies.fr\/index.php\/wp-json\/wp\/v2\/types\/page"}],"author":[{"embeddable":true,"href":"https:\/\/www.ecofolies.fr\/index.php\/wp-json\/wp\/v2\/users\/1"}],"replies":[{"embeddable":true,"href":"https:\/\/www.ecofolies.fr\/index.php\/wp-json\/wp\/v2\/comments?post=159"}],"version-history":[{"count":37,"href":"https:\/\/www.ecofolies.fr\/index.php\/wp-json\/wp\/v2\/pages\/159\/revisions"}],"predecessor-version":[{"id":945,"href":"https:\/\/www.ecofolies.fr\/index.php\/wp-json\/wp\/v2\/pages\/159\/revisions\/945"}],"wp:attachment":[{"href":"https:\/\/www.ecofolies.fr\/index.php\/wp-json\/wp\/v2\/media?parent=159"}],"curies":[{"name":"wp","href":"https:\/\/api.w.org\/{rel}","templated":true}]}}