{"id":252,"date":"2024-07-02T12:59:57","date_gmt":"2024-07-02T10:59:57","guid":{"rendered":"http:\/\/ecofolr.cluster030.hosting.ovh.net\/?page_id=252"},"modified":"2024-11-18T11:37:11","modified_gmt":"2024-11-18T10:37:11","slug":"marches","status":"publish","type":"page","link":"https:\/\/www.ecofolies.fr\/index.php\/marches\/","title":{"rendered":"Nos march\u00e9s"},"content":{"rendered":"\t\t<div data-elementor-type=\"wp-page\" data-elementor-id=\"252\" class=\"elementor elementor-252\" data-elementor-post-type=\"page\">\n\t\t\t\t<div class=\"elementor-element elementor-element-08ffca1 e-flex e-con-boxed e-con e-parent\" data-id=\"08ffca1\" data-element_type=\"container\" data-e-type=\"container\">\n\t\t\t\t\t<div class=\"e-con-inner\">\n\t\t\t\t<div class=\"elementor-element elementor-element-d8aa291 elementor-widget elementor-widget-heading\" data-id=\"d8aa291\" data-element_type=\"widget\" data-e-type=\"widget\" data-widget_type=\"heading.default\">\n\t\t\t\t<div class=\"elementor-widget-container\">\n\t\t\t\t\t<h1 class=\"elementor-heading-title elementor-size-default\">Retrouvez nos points de vente<\/h1>\t\t\t\t<\/div>\n\t\t\t\t<\/div>\n\t\t\t\t\t<\/div>\n\t\t\t\t<\/div>\n\t\t<div class=\"elementor-element elementor-element-21b2c7a e-flex e-con-boxed e-con e-parent\" data-id=\"21b2c7a\" data-element_type=\"container\" data-e-type=\"container\">\n\t\t\t\t\t<div class=\"e-con-inner\">\n\t\t<div class=\"elementor-element elementor-element-75c2a8f e-con-full e-flex e-con e-child\" data-id=\"75c2a8f\" data-element_type=\"container\" data-e-type=\"container\">\n\t\t\t\t<div class=\"elementor-element elementor-element-897ceae elementor-widget elementor-widget-image\" data-id=\"897ceae\" data-element_type=\"widget\" data-e-type=\"widget\" data-widget_type=\"image.default\">\n\t\t\t\t<div class=\"elementor-widget-container\">\n\t\t\t\t\t\t\t\t\t\t\t\t\t\t\t<img fetchpriority=\"high\" decoding=\"async\" width=\"768\" height=\"512\" src=\"https:\/\/www.ecofolies.fr\/wp-content\/uploads\/2024\/07\/IMG_9170-768x512.jpg\" class=\"attachment-medium_large size-medium_large wp-image-997\" alt=\"\" srcset=\"https:\/\/www.ecofolies.fr\/wp-content\/uploads\/2024\/07\/IMG_9170-768x512.jpg 768w, https:\/\/www.ecofolies.fr\/wp-content\/uploads\/2024\/07\/IMG_9170-300x200.jpg 300w, https:\/\/www.ecofolies.fr\/wp-content\/uploads\/2024\/07\/IMG_9170-1024x683.jpg 1024w, https:\/\/www.ecofolies.fr\/wp-content\/uploads\/2024\/07\/IMG_9170-1536x1024.jpg 1536w, https:\/\/www.ecofolies.fr\/wp-content\/uploads\/2024\/07\/IMG_9170-2048x1365.jpg 2048w\" sizes=\"(max-width: 768px) 100vw, 768px\" \/>\t\t\t\t\t\t\t\t\t\t\t\t\t\t\t<\/div>\n\t\t\t\t<\/div>\n\t\t\t\t<\/div>\n\t\t<div class=\"elementor-element elementor-element-84be786 e-con-full e-flex e-con e-child\" data-id=\"84be786\" data-element_type=\"container\" data-e-type=\"container\">\n\t\t\t\t<div class=\"elementor-element elementor-element-b389804 elementor-widget elementor-widget-text-editor\" data-id=\"b389804\" data-element_type=\"widget\" data-e-type=\"widget\" data-widget_type=\"text-editor.default\">\n\t\t\t\t<div class=\"elementor-widget-container\">\n\t\t\t\t\t\t\t\t\t<h2>A la ferme Ecofolies<\/h2>\t\t\t\t\t\t\t\t<\/div>\n\t\t\t\t<\/div>\n\t\t\t\t<div class=\"elementor-element elementor-element-dc6c376 elementor-widget elementor-widget-text-editor\" data-id=\"dc6c376\" data-element_type=\"widget\" data-e-type=\"widget\" data-widget_type=\"text-editor.default\">\n\t\t\t\t<div class=\"elementor-widget-container\">\n\t\t\t\t\t\t\t\t\t<section class=\"s_title pt40 pb40 o_colored_level\" data-vcss=\"001\" data-snippet=\"s_title\" data-name=\"Title\"><div class=\"s_allow_columns container\"><p>La ferme Ecofolies organise deux march\u00e9s BIO \u00e0 la ferme par semaine.<\/p><\/div><\/section><section class=\"s_text_block pt40 pb40 o_colored_level\" data-snippet=\"s_text_block\" data-name=\"Text\"><div class=\"s_allow_columns container\"><p class=\"o_default_snippet_text\">Vous y retrouverez une large gamme de fruits et l\u00e9gumes, des produits locaux : un rayon frais (yaourts et fromages), une \u00e9picerie vrac, des \u0153ufs et du pain.<\/p><p>Nos l\u00e9gumes de la ferme : salade, haricots verts, choux, courge, courgette, tomate, poireaux, fenouil, aromates<\/p><p>Nos fruits de la ferme : rhubarbe et fraise<\/p><\/div><\/section>\t\t\t\t\t\t\t\t<\/div>\n\t\t\t\t<\/div>\n\t\t\t\t<div class=\"elementor-element elementor-element-8eb7404 elementor-widget elementor-widget-text-editor\" data-id=\"8eb7404\" data-element_type=\"widget\" data-e-type=\"widget\" data-widget_type=\"text-editor.default\">\n\t\t\t\t<div class=\"elementor-widget-container\">\n\t\t\t\t\t\t\t\t\t<h3><span style=\"color: #339966;\">Mercredi : 15h-19h<\/span><\/h3><h3><span style=\"color: #339966;\">Samedi : 9h30-13h<\/span><\/h3>\t\t\t\t\t\t\t\t<\/div>\n\t\t\t\t<\/div>\n\t\t\t\t<\/div>\n\t\t\t\t\t<\/div>\n\t\t\t\t<\/div>\n\t\t<div class=\"elementor-element elementor-element-a28a3aa e-flex e-con-boxed e-con e-parent\" data-id=\"a28a3aa\" data-element_type=\"container\" data-e-type=\"container\">\n\t\t\t\t\t<div class=\"e-con-inner\">\n\t\t<div class=\"elementor-element elementor-element-f1ab28a e-con-full e-flex e-con e-child\" data-id=\"f1ab28a\" data-element_type=\"container\" data-e-type=\"container\">\n\t\t\t\t<div class=\"elementor-element elementor-element-1346c7d elementor-widget elementor-widget-text-editor\" data-id=\"1346c7d\" data-element_type=\"widget\" data-e-type=\"widget\" data-widget_type=\"text-editor.default\">\n\t\t\t\t<div class=\"elementor-widget-container\">\n\t\t\t\t\t\t\t\t\t<h2>\u00a0<\/h2><h2>\u00cele de Noirmoutier<\/h2>\t\t\t\t\t\t\t\t<\/div>\n\t\t\t\t<\/div>\n\t\t\t\t<div class=\"elementor-element elementor-element-274dd12 elementor-widget elementor-widget-text-editor\" data-id=\"274dd12\" data-element_type=\"widget\" data-e-type=\"widget\" data-widget_type=\"text-editor.default\">\n\t\t\t\t<div class=\"elementor-widget-container\">\n\t\t\t\t\t\t\t\t\t<p>NOUVEAU : l&rsquo;\u00c9pine<br \/>Samedi : 8h \u00e0 13h (toute l&rsquo;ann\u00e9e)<\/p><p>Noirmoutier-en-\u00eele\u00a0:<br \/>Vendredi : 8h \u00e0 13h (toute l&rsquo;ann\u00e9e)<\/p><p>Mardi : 8h \u00e0 13h (avril \u00e0 septembre)<br \/>Dimanche : 8h \u00e0 13h (avril &#8211; septembre)\u00a0<\/p><p>La Gu\u00e9rini\u00e8re :\u00a0<br \/>Jeudi : 8h \u00e0 13h (juillet &#8211; ao\u00fbt)<\/p>\t\t\t\t\t\t\t\t<\/div>\n\t\t\t\t<\/div>\n\t\t\t\t<\/div>\n\t\t<div class=\"elementor-element elementor-element-ff6f5f2 e-con-full e-flex e-con e-child\" data-id=\"ff6f5f2\" data-element_type=\"container\" data-e-type=\"container\">\n\t\t\t\t<div class=\"elementor-element elementor-element-cf8e84c elementor-widget elementor-widget-image\" data-id=\"cf8e84c\" data-element_type=\"widget\" data-e-type=\"widget\" data-widget_type=\"image.default\">\n\t\t\t\t<div class=\"elementor-widget-container\">\n\t\t\t\t\t\t\t\t\t\t\t\t\t\t\t<img decoding=\"async\" width=\"690\" height=\"517\" src=\"https:\/\/www.ecofolies.fr\/wp-content\/uploads\/2024\/07\/Marches-noirmoutier.jpeg\" class=\"attachment-large size-large wp-image-281\" alt=\"\" srcset=\"https:\/\/www.ecofolies.fr\/wp-content\/uploads\/2024\/07\/Marches-noirmoutier.jpeg 690w, https:\/\/www.ecofolies.fr\/wp-content\/uploads\/2024\/07\/Marches-noirmoutier-300x225.jpeg 300w\" sizes=\"(max-width: 690px) 100vw, 690px\" \/>\t\t\t\t\t\t\t\t\t\t\t\t\t\t\t<\/div>\n\t\t\t\t<\/div>\n\t\t\t\t<\/div>\n\t\t\t\t\t<\/div>\n\t\t\t\t<\/div>\n\t\t<div class=\"elementor-element elementor-element-f5a6a7e e-flex e-con-boxed e-con e-parent\" data-id=\"f5a6a7e\" data-element_type=\"container\" data-e-type=\"container\">\n\t\t\t\t\t<div class=\"e-con-inner\">\n\t\t\t\t<div class=\"elementor-element elementor-element-45cf1d8 elementor-widget elementor-widget-spacer\" data-id=\"45cf1d8\" data-element_type=\"widget\" data-e-type=\"widget\" data-widget_type=\"spacer.default\">\n\t\t\t\t<div class=\"elementor-widget-container\">\n\t\t\t\t\t\t\t<div class=\"elementor-spacer\">\n\t\t\t<div class=\"elementor-spacer-inner\"><\/div>\n\t\t<\/div>\n\t\t\t\t\t\t<\/div>\n\t\t\t\t<\/div>\n\t\t\t\t\t<\/div>\n\t\t\t\t<\/div>\n\t\t<div class=\"elementor-element elementor-element-5e9a2a2 e-grid e-con-boxed e-con e-parent\" data-id=\"5e9a2a2\" data-element_type=\"container\" data-e-type=\"container\">\n\t\t\t\t\t<div class=\"e-con-inner\">\n\t\t\t\t<div class=\"elementor-element elementor-element-a385321 elementor-widget elementor-widget-image\" data-id=\"a385321\" data-element_type=\"widget\" data-e-type=\"widget\" data-widget_type=\"image.default\">\n\t\t\t\t<div class=\"elementor-widget-container\">\n\t\t\t\t\t\t\t\t\t\t\t\t\t\t\t<img decoding=\"async\" width=\"300\" height=\"207\" src=\"https:\/\/www.ecofolies.fr\/wp-content\/uploads\/2024\/07\/IMG_2873_1-300x207.jpg\" class=\"attachment-medium size-medium wp-image-902\" alt=\"\" srcset=\"https:\/\/www.ecofolies.fr\/wp-content\/uploads\/2024\/07\/IMG_2873_1-300x207.jpg 300w, https:\/\/www.ecofolies.fr\/wp-content\/uploads\/2024\/07\/IMG_2873_1-768x530.jpg 768w, https:\/\/www.ecofolies.fr\/wp-content\/uploads\/2024\/07\/IMG_2873_1.jpg 1016w\" sizes=\"(max-width: 300px) 100vw, 300px\" \/>\t\t\t\t\t\t\t\t\t\t\t\t\t\t\t<\/div>\n\t\t\t\t<\/div>\n\t\t\t\t<div class=\"elementor-element elementor-element-f266bd3 elementor-widget elementor-widget-text-editor\" data-id=\"f266bd3\" data-element_type=\"widget\" data-e-type=\"widget\" data-widget_type=\"text-editor.default\">\n\t\t\t\t<div class=\"elementor-widget-container\">\n\t\t\t\t\t\t\t\t\t<h1><span style=\"color: #000000;\">commande de paniers<\/span><\/h1><ul><li>Commandez vos paniers \u00e0 la ferme d&rsquo;une semaine \u00e0 l&rsquo;autre<\/li><li>OU r\u00e9servez-le par mail \u00e0 : laferme@ecofolies.fr<\/li><\/ul><div>\u00a0<\/div><div>\u00a0<\/div>\t\t\t\t\t\t\t\t<\/div>\n\t\t\t\t<\/div>\n\t\t\t\t\t<\/div>\n\t\t\t\t<\/div>\n\t\t<div class=\"elementor-element elementor-element-d926b23 e-flex e-con-boxed e-con e-parent\" data-id=\"d926b23\" data-element_type=\"container\" data-e-type=\"container\">\n\t\t\t\t\t<div class=\"e-con-inner\">\n\t\t\t\t<div class=\"elementor-element elementor-element-c147941 elementor-widget elementor-widget-spacer\" data-id=\"c147941\" data-element_type=\"widget\" data-e-type=\"widget\" data-widget_type=\"spacer.default\">\n\t\t\t\t<div class=\"elementor-widget-container\">\n\t\t\t\t\t\t\t<div class=\"elementor-spacer\">\n\t\t\t<div class=\"elementor-spacer-inner\"><\/div>\n\t\t<\/div>\n\t\t\t\t\t\t<\/div>\n\t\t\t\t<\/div>\n\t\t\t\t\t<\/div>\n\t\t\t\t<\/div>\n\t\t<div class=\"elementor-element elementor-element-094c831 e-flex e-con-boxed e-con e-parent\" data-id=\"094c831\" data-element_type=\"container\" data-e-type=\"container\">\n\t\t\t\t\t<div class=\"e-con-inner\">\n\t\t<div class=\"elementor-element elementor-element-c525163 e-con-full e-flex e-con e-child\" data-id=\"c525163\" data-element_type=\"container\" data-e-type=\"container\">\n\t\t\t\t<div class=\"elementor-element elementor-element-a4f7186 elementor-widget elementor-widget-heading\" data-id=\"a4f7186\" data-element_type=\"widget\" data-e-type=\"widget\" data-widget_type=\"heading.default\">\n\t\t\t\t<div class=\"elementor-widget-container\">\n\t\t\t\t\t<h1 class=\"elementor-heading-title elementor-size-default\">Libre cueille<\/h1>\t\t\t\t<\/div>\n\t\t\t\t<\/div>\n\t\t\t\t<div class=\"elementor-element elementor-element-67f3acb elementor-widget elementor-widget-text-editor\" data-id=\"67f3acb\" data-element_type=\"widget\" data-e-type=\"widget\" data-widget_type=\"text-editor.default\">\n\t\t\t\t<div class=\"elementor-widget-container\">\n\t\t\t\t\t\t\t\t\t<p>Venez cueillir tomates, haricots verts, demi secs selon les disponibilit\u00e9s aux champs et selon la saisonnalit\u00e9 des fruits et l\u00e9gumes. N&rsquo;h\u00e9sitez pas \u00e0 appeler ou suivez-nous sur facebook.<\/p><h3><span style=\"color: #339966;\">Mercredi : 15h \u00e0 18h30<\/span><\/h3><h3><span style=\"color: #339966;\">Samedi : 9h30 \u00e0 12h30 <\/span><\/h3><p>Pensez \u00e0 venir avec vos contenants !<\/p>\t\t\t\t\t\t\t\t<\/div>\n\t\t\t\t<\/div>\n\t\t\t\t<div class=\"elementor-element elementor-element-f20088a elementor-widget elementor-widget-button\" data-id=\"f20088a\" data-element_type=\"widget\" data-e-type=\"widget\" data-widget_type=\"button.default\">\n\t\t\t\t<div class=\"elementor-widget-container\">\n\t\t\t\t\t\t\t\t\t<div class=\"elementor-button-wrapper\">\n\t\t\t\t\t<a class=\"elementor-button elementor-button-link elementor-size-sm\" href=\"https:\/\/www.facebook.com\/AujardinBioretz\">\n\t\t\t\t\t\t<span class=\"elementor-button-content-wrapper\">\n\t\t\t\t\t\t\t\t\t<span class=\"elementor-button-text\">Suivez-nous sur Facebook !<\/span>\n\t\t\t\t\t<\/span>\n\t\t\t\t\t<\/a>\n\t\t\t\t<\/div>\n\t\t\t\t\t\t\t\t<\/div>\n\t\t\t\t<\/div>\n\t\t\t\t<\/div>\n\t\t<div class=\"elementor-element elementor-element-48ae58d e-con-full e-flex e-con e-child\" data-id=\"48ae58d\" data-element_type=\"container\" data-e-type=\"container\">\n\t\t\t\t<div class=\"elementor-element elementor-element-15edc2f elementor-widget elementor-widget-image\" data-id=\"15edc2f\" data-element_type=\"widget\" data-e-type=\"widget\" data-widget_type=\"image.default\">\n\t\t\t\t<div class=\"elementor-widget-container\">\n\t\t\t\t\t\t\t\t\t\t\t\t\t\t\t<img loading=\"lazy\" decoding=\"async\" width=\"300\" height=\"277\" src=\"https:\/\/www.ecofolies.fr\/wp-content\/uploads\/2024\/07\/IMG_2870_1-300x277.jpg\" class=\"attachment-medium size-medium wp-image-901\" alt=\"\" srcset=\"https:\/\/www.ecofolies.fr\/wp-content\/uploads\/2024\/07\/IMG_2870_1-300x277.jpg 300w, https:\/\/www.ecofolies.fr\/wp-content\/uploads\/2024\/07\/IMG_2870_1-1024x945.jpg 1024w, https:\/\/www.ecofolies.fr\/wp-content\/uploads\/2024\/07\/IMG_2870_1-768x709.jpg 768w, https:\/\/www.ecofolies.fr\/wp-content\/uploads\/2024\/07\/IMG_2870_1.jpg 1483w\" sizes=\"(max-width: 300px) 100vw, 300px\" \/>\t\t\t\t\t\t\t\t\t\t\t\t\t\t\t<\/div>\n\t\t\t\t<\/div>\n\t\t\t\t<\/div>\n\t\t\t\t\t<\/div>\n\t\t\t\t<\/div>\n\t\t<div class=\"elementor-element elementor-element-6bbf68a e-flex e-con-boxed e-con e-parent\" data-id=\"6bbf68a\" data-element_type=\"container\" data-e-type=\"container\">\n\t\t\t\t\t<div class=\"e-con-inner\">\n\t\t\t\t<div class=\"elementor-element elementor-element-292f46b elementor-widget elementor-widget-spacer\" data-id=\"292f46b\" data-element_type=\"widget\" data-e-type=\"widget\" data-widget_type=\"spacer.default\">\n\t\t\t\t<div class=\"elementor-widget-container\">\n\t\t\t\t\t\t\t<div class=\"elementor-spacer\">\n\t\t\t<div class=\"elementor-spacer-inner\"><\/div>\n\t\t<\/div>\n\t\t\t\t\t\t<\/div>\n\t\t\t\t<\/div>\n\t\t\t\t\t<\/div>\n\t\t\t\t<\/div>\n\t\t\t\t<\/div>\n\t\t","protected":false},"excerpt":{"rendered":"<p>Retrouvez nos points de vente A la ferme Ecofolies La ferme Ecofolies organise deux march\u00e9s BIO \u00e0 la ferme par semaine. Vous y retrouverez une large gamme de fruits et [&hellip;]<\/p>\n","protected":false},"author":1,"featured_media":0,"parent":0,"menu_order":0,"comment_status":"closed","ping_status":"closed","template":"","meta":{"footnotes":""},"class_list":["post-252","page","type-page","status-publish","hentry"],"_links":{"self":[{"href":"https:\/\/www.ecofolies.fr\/index.php\/wp-json\/wp\/v2\/pages\/252","targetHints":{"allow":["GET"]}}],"collection":[{"href":"https:\/\/www.ecofolies.fr\/index.php\/wp-json\/wp\/v2\/pages"}],"about":[{"href":"https:\/\/www.ecofolies.fr\/index.php\/wp-json\/wp\/v2\/types\/page"}],"author":[{"embeddable":true,"href":"https:\/\/www.ecofolies.fr\/index.php\/wp-json\/wp\/v2\/users\/1"}],"replies":[{"embeddable":true,"href":"https:\/\/www.ecofolies.fr\/index.php\/wp-json\/wp\/v2\/comments?post=252"}],"version-history":[{"count":48,"href":"https:\/\/www.ecofolies.fr\/index.php\/wp-json\/wp\/v2\/pages\/252\/revisions"}],"predecessor-version":[{"id":1293,"href":"https:\/\/www.ecofolies.fr\/index.php\/wp-json\/wp\/v2\/pages\/252\/revisions\/1293"}],"wp:attachment":[{"href":"https:\/\/www.ecofolies.fr\/index.php\/wp-json\/wp\/v2\/media?parent=252"}],"curies":[{"name":"wp","href":"https:\/\/api.w.org\/{rel}","templated":true}]}}