{"id":819,"date":"2024-07-11T10:00:32","date_gmt":"2024-07-11T08:00:32","guid":{"rendered":"http:\/\/ecofolr.cluster030.hosting.ovh.net\/?page_id=819"},"modified":"2024-09-26T08:17:39","modified_gmt":"2024-09-26T06:17:39","slug":"valeurs","status":"publish","type":"page","link":"https:\/\/www.ecofolies.fr\/index.php\/valeurs\/","title":{"rendered":"Nos Valeurs"},"content":{"rendered":"\t\t<div data-elementor-type=\"wp-page\" data-elementor-id=\"819\" class=\"elementor elementor-819\" data-elementor-post-type=\"page\">\n\t\t\t\t<div class=\"elementor-element elementor-element-a8fcba6 e-flex e-con-boxed e-con e-parent\" data-id=\"a8fcba6\" data-element_type=\"container\" data-e-type=\"container\">\n\t\t\t\t\t<div class=\"e-con-inner\">\n\t\t\t\t<div class=\"elementor-element elementor-element-36a225f elementor-widget elementor-widget-spacer\" data-id=\"36a225f\" data-element_type=\"widget\" data-e-type=\"widget\" data-widget_type=\"spacer.default\">\n\t\t\t\t<div class=\"elementor-widget-container\">\n\t\t\t\t\t\t\t<div class=\"elementor-spacer\">\n\t\t\t<div class=\"elementor-spacer-inner\"><\/div>\n\t\t<\/div>\n\t\t\t\t\t\t<\/div>\n\t\t\t\t<\/div>\n\t\t\t\t<div class=\"elementor-element elementor-element-19590bc elementor-widget elementor-widget-heading\" data-id=\"19590bc\" data-element_type=\"widget\" data-e-type=\"widget\" data-widget_type=\"heading.default\">\n\t\t\t\t<div class=\"elementor-widget-container\">\n\t\t\t\t\t<h1 class=\"elementor-heading-title elementor-size-default\">Nos valeurs <\/h1>\t\t\t\t<\/div>\n\t\t\t\t<\/div>\n\t\t\t\t\t<\/div>\n\t\t\t\t<\/div>\n\t\t<div class=\"elementor-element elementor-element-49d989d e-flex e-con-boxed e-con e-parent\" data-id=\"49d989d\" data-element_type=\"container\" data-e-type=\"container\">\n\t\t\t\t\t<div class=\"e-con-inner\">\n\t\t\t\t<div class=\"elementor-element elementor-element-50bc3ad elementor-widget elementor-widget-text-editor\" data-id=\"50bc3ad\" data-element_type=\"widget\" data-e-type=\"widget\" data-widget_type=\"text-editor.default\">\n\t\t\t\t<div class=\"elementor-widget-container\">\n\t\t\t\t\t\t\t\t\t<p>Sur un lieu agro\u00e9cologique ancr\u00e9 dans le pays de Retz, nous constituons un \u00e9cosyst\u00e8me innovant d&rsquo;activit\u00e9s coop\u00e9ratives \u00e0 m\u00eame d&rsquo;accueillir et d&rsquo;accompagner les transitions agricole, alimentaire et de sant\u00e9.<\/p>\t\t\t\t\t\t\t\t<\/div>\n\t\t\t\t<\/div>\n\t\t\t\t\t<\/div>\n\t\t\t\t<\/div>\n\t\t<div class=\"elementor-element elementor-element-7b2c7d2 e-flex e-con-boxed e-con e-parent\" data-id=\"7b2c7d2\" data-element_type=\"container\" data-e-type=\"container\">\n\t\t\t\t\t<div class=\"e-con-inner\">\n\t\t<div class=\"elementor-element elementor-element-d13d01b e-con-full e-flex e-con e-child\" data-id=\"d13d01b\" data-element_type=\"container\" data-e-type=\"container\">\n\t\t\t\t<div class=\"elementor-element elementor-element-7d33efd elementor-widget elementor-widget-image\" data-id=\"7d33efd\" data-element_type=\"widget\" data-e-type=\"widget\" data-widget_type=\"image.default\">\n\t\t\t\t<div class=\"elementor-widget-container\">\n\t\t\t\t\t\t\t\t\t\t\t\t\t\t\t<img decoding=\"async\" width=\"150\" height=\"150\" src=\"https:\/\/www.ecofolies.fr\/wp-content\/uploads\/2024\/07\/valeurs-vert-3.1-e1721918061161-150x150.png\" class=\"attachment-thumbnail size-thumbnail wp-image-992\" alt=\"\" srcset=\"https:\/\/www.ecofolies.fr\/wp-content\/uploads\/2024\/07\/valeurs-vert-3.1-e1721918061161-150x150.png 150w, https:\/\/www.ecofolies.fr\/wp-content\/uploads\/2024\/07\/valeurs-vert-3.1-e1721918061161-298x300.png 298w, https:\/\/www.ecofolies.fr\/wp-content\/uploads\/2024\/07\/valeurs-vert-3.1-e1721918061161.png 380w\" sizes=\"(max-width: 150px) 100vw, 150px\" \/>\t\t\t\t\t\t\t\t\t\t\t\t\t\t\t<\/div>\n\t\t\t\t<\/div>\n\t\t\t\t<div class=\"elementor-element elementor-element-971184e elementor-widget elementor-widget-text-editor\" data-id=\"971184e\" data-element_type=\"widget\" data-e-type=\"widget\" data-widget_type=\"text-editor.default\">\n\t\t\t\t<div class=\"elementor-widget-container\">\n\t\t\t\t\t\t\t\t\t<h3 style=\"text-align: center;\"><strong>La coop\u00e9ration<\/strong><\/h3><p>La coop\u00e9ration est \u00e9rig\u00e9e au rang de valeur puisqu&rsquo;elle est au coeur du projet. Elle est la base d&rsquo;un mod\u00e8le de gouvernance en accord avec notre vision. La coop\u00e9ration est l&rsquo;art d&rsquo;interagir ensemble pour que cela soit b\u00e9n\u00e9fique \u00e0 chacune des parties.<\/p><p>Pour y parvenir individuellement et collectivement, le chemin de la coop\u00e9ration passe par l\u2019acquisition de nouvelles comp\u00e9tences (savoir-\u00eatre et savoir-faire), en portant son attention sur le processus de r\u00e9alisation (le chemin) et le vivre ensemble (valeurs, \u00e9tat d\u2019esprit).<\/p>\t\t\t\t\t\t\t\t<\/div>\n\t\t\t\t<\/div>\n\t\t\t\t<\/div>\n\t\t<div class=\"elementor-element elementor-element-a75a6e4 e-con-full e-flex e-con e-child\" data-id=\"a75a6e4\" data-element_type=\"container\" data-e-type=\"container\">\n\t\t\t\t<div class=\"elementor-element elementor-element-27fe8a5 elementor-widget elementor-widget-image\" data-id=\"27fe8a5\" data-element_type=\"widget\" data-e-type=\"widget\" data-widget_type=\"image.default\">\n\t\t\t\t<div class=\"elementor-widget-container\">\n\t\t\t\t\t\t\t\t\t\t\t\t\t\t\t<img decoding=\"async\" width=\"150\" height=\"150\" src=\"https:\/\/www.ecofolies.fr\/wp-content\/uploads\/2024\/07\/valeurs-vert-3.2-e1721917871382-150x150.png\" class=\"attachment-thumbnail size-thumbnail wp-image-989\" alt=\"\" \/>\t\t\t\t\t\t\t\t\t\t\t\t\t\t\t<\/div>\n\t\t\t\t<\/div>\n\t\t\t\t<div class=\"elementor-element elementor-element-6bf6edd elementor-widget elementor-widget-text-editor\" data-id=\"6bf6edd\" data-element_type=\"widget\" data-e-type=\"widget\" data-widget_type=\"text-editor.default\">\n\t\t\t\t<div class=\"elementor-widget-container\">\n\t\t\t\t\t\t\t\t\t<h3 style=\"text-align: center;\"><strong>Le respect<br \/><\/strong><\/h3><p>Vivre le lien profond entre l\u2019Homme et la Terre. Accueillir les diff\u00e9rences, \u00e9couter les positions de chacun par une d\u00e9marche de compr\u00e9hension, de consid\u00e9ration, de bienveillance et d\u2019empathie.<\/p>\t\t\t\t\t\t\t\t<\/div>\n\t\t\t\t<\/div>\n\t\t\t\t<\/div>\n\t\t<div class=\"elementor-element elementor-element-b8759d3 e-con-full e-flex e-con e-child\" data-id=\"b8759d3\" data-element_type=\"container\" data-e-type=\"container\">\n\t\t\t\t<div class=\"elementor-element elementor-element-5a11123 elementor-widget elementor-widget-image\" data-id=\"5a11123\" data-element_type=\"widget\" data-e-type=\"widget\" data-widget_type=\"image.default\">\n\t\t\t\t<div class=\"elementor-widget-container\">\n\t\t\t\t\t\t\t\t\t\t\t\t\t\t\t<img decoding=\"async\" width=\"150\" height=\"150\" src=\"https:\/\/www.ecofolies.fr\/wp-content\/uploads\/2024\/07\/valeurs-vert-3.3-e1721918116775-150x150.png\" class=\"attachment-thumbnail size-thumbnail wp-image-993\" alt=\"\" \/>\t\t\t\t\t\t\t\t\t\t\t\t\t\t\t<\/div>\n\t\t\t\t<\/div>\n\t\t\t\t<div class=\"elementor-element elementor-element-cbedb9e elementor-widget elementor-widget-text-editor\" data-id=\"cbedb9e\" data-element_type=\"widget\" data-e-type=\"widget\" data-widget_type=\"text-editor.default\">\n\t\t\t\t<div class=\"elementor-widget-container\">\n\t\t\t\t\t\t\t\t\t<h3 style=\"text-align: center;\"><strong>L&rsquo;audace<br \/><\/strong><\/h3><p>Oser, faire preuve de cr\u00e9ativit\u00e9, pour faire \u00e9merger des propositions extraordinaires. D\u00e9passer ses propres limites, ses croyances, d\u00e9passer les mod\u00e8les soci\u00e9taux et les paradigmes conventionnels. Oser prendre des risques, avoir une pointe d\u2019insolence pour affirmer de nouvelles voies. Avoir le culot de s\u2019approcher de ses utopies, de ses r\u00eaves et s\u2019en donner les moyens.<\/p>\t\t\t\t\t\t\t\t<\/div>\n\t\t\t\t<\/div>\n\t\t\t\t<\/div>\n\t\t\t\t\t<\/div>\n\t\t\t\t<\/div>\n\t\t\t\t<\/div>\n\t\t","protected":false},"excerpt":{"rendered":"<p>Nos valeurs Sur un lieu agro\u00e9cologique ancr\u00e9 dans le pays de Retz, nous constituons un \u00e9cosyst\u00e8me innovant d&rsquo;activit\u00e9s coop\u00e9ratives \u00e0 m\u00eame d&rsquo;accueillir et d&rsquo;accompagner les transitions agricole, alimentaire et de [&hellip;]<\/p>\n","protected":false},"author":1,"featured_media":0,"parent":0,"menu_order":0,"comment_status":"closed","ping_status":"closed","template":"","meta":{"footnotes":""},"class_list":["post-819","page","type-page","status-publish","hentry"],"_links":{"self":[{"href":"https:\/\/www.ecofolies.fr\/index.php\/wp-json\/wp\/v2\/pages\/819","targetHints":{"allow":["GET"]}}],"collection":[{"href":"https:\/\/www.ecofolies.fr\/index.php\/wp-json\/wp\/v2\/pages"}],"about":[{"href":"https:\/\/www.ecofolies.fr\/index.php\/wp-json\/wp\/v2\/types\/page"}],"author":[{"embeddable":true,"href":"https:\/\/www.ecofolies.fr\/index.php\/wp-json\/wp\/v2\/users\/1"}],"replies":[{"embeddable":true,"href":"https:\/\/www.ecofolies.fr\/index.php\/wp-json\/wp\/v2\/comments?post=819"}],"version-history":[{"count":14,"href":"https:\/\/www.ecofolies.fr\/index.php\/wp-json\/wp\/v2\/pages\/819\/revisions"}],"predecessor-version":[{"id":1221,"href":"https:\/\/www.ecofolies.fr\/index.php\/wp-json\/wp\/v2\/pages\/819\/revisions\/1221"}],"wp:attachment":[{"href":"https:\/\/www.ecofolies.fr\/index.php\/wp-json\/wp\/v2\/media?parent=819"}],"curies":[{"name":"wp","href":"https:\/\/api.w.org\/{rel}","templated":true}]}}